{"id":10037,"date":"2025-05-19T04:05:37","date_gmt":"2025-05-19T04:05:37","guid":{"rendered":"https:\/\/immigopro.ca\/nous-contacter\/"},"modified":"2026-01-21T10:33:13","modified_gmt":"2026-01-21T10:33:13","slug":"nous-contacter","status":"publish","type":"page","link":"https:\/\/immigopro.ca\/fr\/nous-contacter\/","title":{"rendered":"Nous contacter"},"content":{"rendered":"<div class=\"row\">\n<div class=\"col-lg-5 contactUsContentTest\">\n<img loading=\"lazy\" decoding=\"async\" class=\"wp-image-10591 size-full aligncenter\" src=\"https:\/\/immigopro.ca\/wp-content\/uploads\/2025\/10\/immigopro-pricing-img01-1.png\" alt=\"\" width=\"500\" height=\"500\">\n\n<\/div>\n<div class=\"col-lg-7 contactUsContentForm gapTop\">\n<div class=\"wpcf7 no-js\" id=\"wpcf7-f10247-o1\" lang=\"fr-FR\" dir=\"ltr\" data-wpcf7-id=\"10247\">\n<div class=\"screen-reader-response\"><p role=\"status\" aria-live=\"polite\" aria-atomic=\"true\"><\/p> <ul><\/ul><\/div>\n<form action=\"\/fr\/wp-json\/wp\/v2\/pages\/10037#wpcf7-f10247-o1\" method=\"post\" class=\"wpcf7-form init\" aria-label=\"Formulaire de contact\" novalidate=\"novalidate\" data-status=\"init\">\n<fieldset class=\"hidden-fields-container\"><input type=\"hidden\" name=\"_wpcf7\" value=\"10247\" \/><input type=\"hidden\" name=\"_wpcf7_version\" value=\"6.1.5\" \/><input type=\"hidden\" name=\"_wpcf7_locale\" value=\"fr_FR\" \/><input type=\"hidden\" name=\"_wpcf7_unit_tag\" value=\"wpcf7-f10247-o1\" \/><input type=\"hidden\" name=\"_wpcf7_container_post\" value=\"0\" \/><input type=\"hidden\" name=\"_wpcf7_posted_data_hash\" value=\"\" \/><input type=\"hidden\" name=\"_wpcf7cf_hidden_group_fields\" value=\"[]\" \/><input type=\"hidden\" name=\"_wpcf7cf_hidden_groups\" value=\"[]\" \/><input type=\"hidden\" name=\"_wpcf7cf_visible_groups\" value=\"[]\" \/><input type=\"hidden\" name=\"_wpcf7cf_repeaters\" value=\"[]\" \/><input type=\"hidden\" name=\"_wpcf7cf_steps\" value=\"{}\" \/><input type=\"hidden\" name=\"_wpcf7cf_options\" value=\"{&quot;form_id&quot;:10247,&quot;conditions&quot;:[],&quot;settings&quot;:{&quot;animation&quot;:&quot;yes&quot;,&quot;animation_intime&quot;:200,&quot;animation_outtime&quot;:200,&quot;conditions_ui&quot;:&quot;normal&quot;,&quot;notice_dismissed&quot;:false}}\" \/>\n<\/fieldset>\n<div class=\"row\">\n<div class=\"col-md-6\"><span class=\"wpcf7-form-control-wrap\" data-name=\"name-438\"><input size=\"40\" maxlength=\"400\" class=\"wpcf7-form-control wpcf7-text wpcf7-validates-as-required\" aria-required=\"true\" aria-invalid=\"false\" placeholder=\"Pr\u00e9nom\" value=\"\" type=\"text\" name=\"name-438\" \/><\/span><\/div>\n<div class=\"col-md-6\"><span class=\"wpcf7-form-control-wrap\" data-name=\"name-438\"><input size=\"40\" maxlength=\"400\" class=\"wpcf7-form-control wpcf7-text wpcf7-validates-as-required\" aria-required=\"true\" aria-invalid=\"false\" placeholder=\"Nom de famille\" value=\"\" type=\"text\" name=\"name-438\" \/><\/span><\/div>\n<\/div>\n<div class=\"row mt-3\">\n<div class=\"col-md-6\"><span class=\"wpcf7-form-control-wrap\" data-name=\"telephoneNumber\"><input size=\"40\" maxlength=\"400\" class=\"wpcf7-form-control wpcf7-tel wpcf7-validates-as-required wpcf7-text wpcf7-validates-as-tel\" aria-required=\"true\" aria-invalid=\"false\" placeholder=\"Num\u00e9ro de t\u00e9l\u00e9phone\" value=\"\" type=\"tel\" name=\"telephoneNumber\" \/><\/span><\/div>\n<div class=\"col-md-6\"><span class=\"wpcf7-form-control-wrap\" data-name=\"email-873\"><input size=\"40\" maxlength=\"400\" class=\"wpcf7-form-control wpcf7-email wpcf7-validates-as-required wpcf7-text wpcf7-validates-as-email\" aria-required=\"true\" aria-invalid=\"false\" placeholder=\"Adresse courriel\" value=\"\" type=\"email\" name=\"email-873\" \/><\/span><\/div>\n<\/div>\n<div class=\"row mt-3\">\n<div class=\"col-md-6\"><span class=\"wpcf7-form-control-wrap\" data-name=\"subject-438\"><select class=\"wpcf7-form-control wpcf7-select wpcf7-validates-as-required\" aria-required=\"true\" aria-invalid=\"false\" name=\"subject-438\"><option value=\"S\u00e9lectionnez le sujet\">S\u00e9lectionnez le sujet<\/option><option value=\"Carri\u00e8res\">Carri\u00e8res<\/option><option value=\"Plainte\">Plainte<\/option><option value=\"Commentaires\">Commentaires<\/option><option value=\"Finances\">Finances<\/option><option value=\"G\u00e9n\u00e9rique\">G\u00e9n\u00e9rique<\/option><option value=\"Ventes\">Ventes<\/option><option value=\"Support technique\">Support technique<\/option><option value=\"Support de contenu\">Support de contenu<\/option><option value=\"Juridique\">Juridique<\/option><\/select><\/span>\n<input class=\"wpcf7-form-control wpcf7-hidden\" value=\"\" type=\"hidden\" name=\"subject-name\" \/><\/div>\n<div class=\"col-md-6\"><span class=\"wpcf7-form-control-wrap\" data-name=\"menu-821\"><select class=\"wpcf7-form-control wpcf7-select wpcf7-validates-as-required\" aria-required=\"true\" aria-invalid=\"false\" name=\"menu-821\"><option value=\"Veuillez indiquer le degr\u00e9 d\u2019urgence\">Veuillez indiquer le degr\u00e9 d\u2019urgence<\/option><option value=\"Urgent\">Urgent<\/option><option value=\"Pas urgent\">Pas urgent<\/option><\/select><\/span><\/div>\n<\/div>\n<div class=\"row mt-3\">\n<div class=\"col-md-6\"><span class=\"wpcf7-form-control-wrap\" data-name=\"product_type\"><select class=\"wpcf7-form-control wpcf7-select wpcf7-validates-as-required\" aria-required=\"true\" aria-invalid=\"false\" name=\"product_type\"><option value=\"S\u00e9lectionner un produit\">S\u00e9lectionner un produit<\/option><option value=\"ImmiGoPro Starter\">ImmiGoPro Starter<\/option><option value=\"ImmiGoPro Essential\">ImmiGoPro Essential<\/option><option value=\"Autres\">Autres<\/option><\/select><\/span><\/div>\n<div class=\"col-md-6\"><div data-id=\"on_product_type\" data-orig_data_id=\"on_product_type\" data-clear_on_hide class=\"\" data-class=\"wpcf7cf_group\"><span class=\"wpcf7-form-control-wrap\" data-name=\"menu-396\"><select class=\"wpcf7-form-control wpcf7-select\" aria-invalid=\"false\" name=\"menu-396\"><option value=\"S\u00e9lectionnez la langue de base de votre produit\">S\u00e9lectionnez la langue de base de votre produit<\/option><option value=\"English\">English<\/option><option value=\"Fran\u00e7ais\">Fran\u00e7ais<\/option><\/select><\/span><\/div><\/div>\n<\/div>\n<div class=\"row mt-3\">\n<div class=\"col-md-12\"><span class=\"wpcf7-form-control-wrap\" data-name=\"message-601\"><textarea cols=\"10\" rows=\"4\" maxlength=\"2000\" class=\"wpcf7-form-control wpcf7-textarea wpcf7-validates-as-required\" aria-required=\"true\" aria-invalid=\"false\" placeholder=\"Votre message\" name=\"message-601\"><\/textarea><\/span><\/div>\n<\/div>\n<div class=\"row mt-3\">\n    <div class=\"col-md-12 submitBox\">\n        <span class=\"wpcf7-form-control-wrap\" data-name=\"acceptance-120\"><span class=\"wpcf7-form-control wpcf7-acceptance\"><span class=\"wpcf7-list-item\"><label><input type=\"checkbox\" name=\"acceptance-120\" value=\"1\" aria-invalid=\"false\" \/><span class=\"wpcf7-list-item-label\">Je suis li\u00e9 par les conditions du service que j\u2019accepte\n<a href=\"https:\/\/immigopro.ca\/terms-and-conditions\/\" style=\"margin-left: 5px; padding-top: 10px;\">Conditions g\u00e9n\u00e9rales<\/a><\/span><\/label><\/span><\/span><\/span>\n    <\/div>\n<\/div>\n<div class=\"row mt-3\">\n<div class=\"col-md-12\"><input class=\"wpcf7-form-control wpcf7-submit has-spinner btn btnRed\" type=\"submit\" value=\"Envoyer le message\" \/><\/div>\n<\/div><div class=\"wpcf7-response-output\" aria-hidden=\"true\"><\/div>\n<\/form>\n<\/div>\n<\/div>\n<\/div>\n\n\n\n","protected":false},"excerpt":{"rendered":"","protected":false},"author":1,"featured_media":9976,"parent":0,"menu_order":0,"comment_status":"closed","ping_status":"closed","template":"page-contact.php","meta":{"inline_featured_image":false,"footnotes":""},"class_list":["post-10037","page","type-page","status-publish","has-post-thumbnail","hentry"],"_links":{"self":[{"href":"https:\/\/immigopro.ca\/fr\/wp-json\/wp\/v2\/pages\/10037","targetHints":{"allow":["GET"]}}],"collection":[{"href":"https:\/\/immigopro.ca\/fr\/wp-json\/wp\/v2\/pages"}],"about":[{"href":"https:\/\/immigopro.ca\/fr\/wp-json\/wp\/v2\/types\/page"}],"author":[{"embeddable":true,"href":"https:\/\/immigopro.ca\/fr\/wp-json\/wp\/v2\/users\/1"}],"replies":[{"embeddable":true,"href":"https:\/\/immigopro.ca\/fr\/wp-json\/wp\/v2\/comments?post=10037"}],"version-history":[{"count":1,"href":"https:\/\/immigopro.ca\/fr\/wp-json\/wp\/v2\/pages\/10037\/revisions"}],"predecessor-version":[{"id":10373,"href":"https:\/\/immigopro.ca\/fr\/wp-json\/wp\/v2\/pages\/10037\/revisions\/10373"}],"wp:featuredmedia":[{"embeddable":true,"href":"https:\/\/immigopro.ca\/fr\/wp-json\/wp\/v2\/media\/9976"}],"wp:attachment":[{"href":"https:\/\/immigopro.ca\/fr\/wp-json\/wp\/v2\/media?parent=10037"}],"curies":[{"name":"wp","href":"https:\/\/api.w.org\/{rel}","templated":true}]}}