{"id":10468,"date":"2026-01-21T09:31:37","date_gmt":"2026-01-21T09:31:37","guid":{"rendered":"https:\/\/immigopro.ca\/reservez-votre-demonstration-des-aujourdhui\/"},"modified":"2026-02-20T11:21:53","modified_gmt":"2026-02-20T11:21:53","slug":"reservez-votre-demonstration-des-aujourdhui","status":"publish","type":"page","link":"https:\/\/immigopro.ca\/fr\/reservez-votre-demonstration-des-aujourdhui\/","title":{"rendered":"R\u00e9servez votre d\u00e9monstration d\u00e8s aujourd\u2019hui !"},"content":{"rendered":"D\u00e9couvrez le forfait D\u00e9mo ImmiGoPro ! Id\u00e9al pour les consultants en immigration, ce mod\u00e8le de site web professionnel offre un design \u00e9l\u00e9gant et convivial. Enti\u00e8rement personnalisable et dot\u00e9 d\u2019une mise en page adaptative, il garantit une exp\u00e9rience fluide sur tous les appareils. Renforcez votre pr\u00e9sence en ligne gr\u00e2ce \u00e0 ce mod\u00e8le haut de gamme, con\u00e7u pour attirer et engager vos clients en toute simplicit\u00e9. Lancez-vous avec ImmiGoPro d\u00e8s aujourd\u2019hui et propulsez votre entreprise vers de nouveaux sommets!    ","protected":false},"excerpt":{"rendered":"<p>D\u00e9couvrez le forfait D\u00e9mo ImmiGoPro ! Id\u00e9al pour les consultants en immigration, ce mod\u00e8le de site web professionnel offre un design \u00e9l\u00e9gant et convivial. Enti\u00e8rement personnalisable et dot\u00e9 d\u2019une mise en page adaptative, il garantit une exp\u00e9rience fluide sur tous les appareils. Renforcez votre pr\u00e9sence en ligne gr\u00e2ce \u00e0 ce mod\u00e8le haut de gamme, con\u00e7u [&hellip;]<\/p>\n","protected":false},"author":2,"featured_media":0,"parent":0,"menu_order":0,"comment_status":"closed","ping_status":"closed","template":"page-demo-booking.php","meta":{"inline_featured_image":false,"footnotes":""},"class_list":["post-10468","page","type-page","status-publish","hentry"],"_links":{"self":[{"href":"https:\/\/immigopro.ca\/fr\/wp-json\/wp\/v2\/pages\/10468","targetHints":{"allow":["GET"]}}],"collection":[{"href":"https:\/\/immigopro.ca\/fr\/wp-json\/wp\/v2\/pages"}],"about":[{"href":"https:\/\/immigopro.ca\/fr\/wp-json\/wp\/v2\/types\/page"}],"author":[{"embeddable":true,"href":"https:\/\/immigopro.ca\/fr\/wp-json\/wp\/v2\/users\/2"}],"replies":[{"embeddable":true,"href":"https:\/\/immigopro.ca\/fr\/wp-json\/wp\/v2\/comments?post=10468"}],"version-history":[{"count":1,"href":"https:\/\/immigopro.ca\/fr\/wp-json\/wp\/v2\/pages\/10468\/revisions"}],"predecessor-version":[{"id":10469,"href":"https:\/\/immigopro.ca\/fr\/wp-json\/wp\/v2\/pages\/10468\/revisions\/10469"}],"wp:attachment":[{"href":"https:\/\/immigopro.ca\/fr\/wp-json\/wp\/v2\/media?parent=10468"}],"curies":[{"name":"wp","href":"https:\/\/api.w.org\/{rel}","templated":true}]}}