{"id":9734,"date":"2025-05-19T04:07:28","date_gmt":"2025-05-19T04:07:28","guid":{"rendered":"https:\/\/immigopro.ca\/immigopro-debutant\/"},"modified":"2025-11-01T07:23:45","modified_gmt":"2025-11-01T07:23:45","slug":"immigopro-debutant","status":"publish","type":"page","link":"https:\/\/immigopro.ca\/fr\/immigopro-debutant\/","title":{"rendered":"ImmigoPro Starter"},"content":{"rendered":"<h5>Votre premi\u00e8re \u00e9tape vers un site web d\u2019immigration professionnel<\/h5>\r\n<p><strong>ImmiGoPro Starter<\/strong> est bien plus qu\u2019un simple site web \u2014 c\u2019est une <strong>solution num\u00e9rique compl\u00e8te et g\u00e9r\u00e9e de bout en bout<\/strong>, con\u00e7ue pour aider les professionnels de l\u2019immigration d\u00e9butants ou en croissance \u00e0 se lancer en toute confiance. De la conception au d\u00e9ploiement, tout est pris en charge pour vous. L\u2019h\u00e9bergement, la maintenance et les mises \u00e0 jour sont inclus, garantissant une pr\u00e9sence en ligne s\u00e9curis\u00e9e, rapide et toujours professionnelle.<\/p>\r\n<p data-start=\"665\" data-end=\"956\">Que vous d\u00e9butiez dans le domaine ou que vous passiez \u00e0 une pratique ind\u00e9pendante, <strong>ImmiGoPro Starter<\/strong> vous offre tout ce dont vous avez besoin pour faire une <strong>premi\u00e8re impression forte<\/strong> en ligne \u2014 une plateforme compl\u00e8te, pr\u00eate \u00e0 l\u2019emploi et con\u00e7ue pour \u00e9voluer avec votre entreprise.<\/p>\r\n\r\n<div class=\"heroButtons mt-4\"><a class=\"btn btnRed\" href=\"#\">\r\nObtenez un devis maintenant\r\n<i class=\"fa-solid fa-arrow-right\"><\/i>\r\n<\/a>\r\n<a class=\"btn btnRedButton\" href=\"#\">\r\nR\u00e9servez une d\u00e9monstration\r\n<i class=\"fa-solid fa-up-right-from-square\"><\/i>\r\n<\/a><\/div>","protected":false},"excerpt":{"rendered":"<p>Votre premi\u00e8re \u00e9tape vers un site web d\u2019immigration professionnel ImmiGoPro Starter est bien plus qu\u2019un simple site web \u2014 c\u2019est une solution num\u00e9rique compl\u00e8te et g\u00e9r\u00e9e de bout en bout, con\u00e7ue pour aider les professionnels de l\u2019immigration d\u00e9butants ou en croissance \u00e0 se lancer en toute confiance. De la conception au d\u00e9ploiement, tout est pris [&hellip;]<\/p>\n","protected":false},"author":1,"featured_media":10013,"parent":0,"menu_order":0,"comment_status":"closed","ping_status":"closed","template":"page-immigopro-starter.php","meta":{"inline_featured_image":false,"footnotes":""},"class_list":["post-9734","page","type-page","status-publish","has-post-thumbnail","hentry"],"_links":{"self":[{"href":"https:\/\/immigopro.ca\/fr\/wp-json\/wp\/v2\/pages\/9734","targetHints":{"allow":["GET"]}}],"collection":[{"href":"https:\/\/immigopro.ca\/fr\/wp-json\/wp\/v2\/pages"}],"about":[{"href":"https:\/\/immigopro.ca\/fr\/wp-json\/wp\/v2\/types\/page"}],"author":[{"embeddable":true,"href":"https:\/\/immigopro.ca\/fr\/wp-json\/wp\/v2\/users\/1"}],"replies":[{"embeddable":true,"href":"https:\/\/immigopro.ca\/fr\/wp-json\/wp\/v2\/comments?post=9734"}],"version-history":[{"count":6,"href":"https:\/\/immigopro.ca\/fr\/wp-json\/wp\/v2\/pages\/9734\/revisions"}],"predecessor-version":[{"id":10041,"href":"https:\/\/immigopro.ca\/fr\/wp-json\/wp\/v2\/pages\/9734\/revisions\/10041"}],"wp:featuredmedia":[{"embeddable":true,"href":"https:\/\/immigopro.ca\/fr\/wp-json\/wp\/v2\/media\/10013"}],"wp:attachment":[{"href":"https:\/\/immigopro.ca\/fr\/wp-json\/wp\/v2\/media?parent=9734"}],"curies":[{"name":"wp","href":"https:\/\/api.w.org\/{rel}","templated":true}]}}