{"id":9773,"date":"2025-05-19T04:07:20","date_gmt":"2025-05-19T04:07:20","guid":{"rendered":"https:\/\/immigopro.ca\/immigopro-essential\/"},"modified":"2025-11-01T08:07:58","modified_gmt":"2025-11-01T08:07:58","slug":"immigopro-essential","status":"publish","type":"page","link":"https:\/\/immigopro.ca\/fr\/immigopro-essential\/","title":{"rendered":"ImmigoPro Essential"},"content":{"rendered":"<h5>Votre passage vers un site d\u2019immigration interactif et \u00e9volu\u00e9<\/h5>\r\n<p>ImmiGoPro Essential fait passer votre pratique num\u00e9rique \u00e0 un niveau sup\u00e9rieur. Elle conserve la simplicit\u00e9, l\u2019h\u00e9bergement et la gestion compl\u00e8te de la version Starter, tout en ajoutant une nouvelle dimension d\u2019interactivit\u00e9 et de contenu dynamique. Con\u00e7ue pour les professionnels de l\u2019immigration en pleine croissance, cette solution rend votre pr\u00e9sence en ligne plus vivante, informative et orient\u00e9e client.<\/p>\r\n\r\n<p>Gr\u00e2ce \u00e0 l\u2019int\u00e9gration dynamique des provinces et territoires, \u00e0 une navigation interactive, aux formulaires de r\u00e9servation, aux t\u00e9moignages et au blog int\u00e9gr\u00e9, tout est pens\u00e9 pour pr\u00e9senter vos services de mani\u00e8re claire et professionnelle, tout en offrant \u00e9volutivit\u00e9 et flexibilit\u00e9. Avec ImmiGoPro Essential, votre site devient bien plus qu\u2019une vitrine \u2014 un v\u00e9ritable outil de communication qui \u00e9volue avec votre entreprise.<\/p>\r\n<div class=\"heroButtons mt-4\"><a class=\"btn btnRed\" href=\"#\">\r\nObtenez un devis maintenant\r\n<i class=\"fa-solid fa-arrow-right\"><\/i>\r\n<\/a>\r\n<a class=\"btn btnRedButton\" href=\"#\">\r\nR\u00e9servez une d\u00e9monstration\r\n<i class=\"fa-solid fa-up-right-from-square\"><\/i>\r\n<\/a><\/div>","protected":false},"excerpt":{"rendered":"<p>Votre passage vers un site d\u2019immigration interactif et \u00e9volu\u00e9 ImmiGoPro Essential fait passer votre pratique num\u00e9rique \u00e0 un niveau sup\u00e9rieur. Elle conserve la simplicit\u00e9, l\u2019h\u00e9bergement et la gestion compl\u00e8te de la version Starter, tout en ajoutant une nouvelle dimension d\u2019interactivit\u00e9 et de contenu dynamique. Con\u00e7ue pour les professionnels de l\u2019immigration en pleine croissance, cette solution [&hellip;]<\/p>\n","protected":false},"author":1,"featured_media":10011,"parent":0,"menu_order":0,"comment_status":"closed","ping_status":"closed","template":"page-immigopro-essential.php","meta":{"inline_featured_image":false,"footnotes":""},"class_list":["post-9773","page","type-page","status-publish","has-post-thumbnail","hentry"],"_links":{"self":[{"href":"https:\/\/immigopro.ca\/fr\/wp-json\/wp\/v2\/pages\/9773","targetHints":{"allow":["GET"]}}],"collection":[{"href":"https:\/\/immigopro.ca\/fr\/wp-json\/wp\/v2\/pages"}],"about":[{"href":"https:\/\/immigopro.ca\/fr\/wp-json\/wp\/v2\/types\/page"}],"author":[{"embeddable":true,"href":"https:\/\/immigopro.ca\/fr\/wp-json\/wp\/v2\/users\/1"}],"replies":[{"embeddable":true,"href":"https:\/\/immigopro.ca\/fr\/wp-json\/wp\/v2\/comments?post=9773"}],"version-history":[{"count":5,"href":"https:\/\/immigopro.ca\/fr\/wp-json\/wp\/v2\/pages\/9773\/revisions"}],"predecessor-version":[{"id":10048,"href":"https:\/\/immigopro.ca\/fr\/wp-json\/wp\/v2\/pages\/9773\/revisions\/10048"}],"wp:featuredmedia":[{"embeddable":true,"href":"https:\/\/immigopro.ca\/fr\/wp-json\/wp\/v2\/media\/10011"}],"wp:attachment":[{"href":"https:\/\/immigopro.ca\/fr\/wp-json\/wp\/v2\/media?parent=9773"}],"curies":[{"name":"wp","href":"https:\/\/api.w.org\/{rel}","templated":true}]}}