{"id":9816,"date":"2025-05-19T04:06:50","date_gmt":"2025-05-19T04:06:50","guid":{"rendered":"https:\/\/immigopro.ca\/immigopro-premium\/"},"modified":"2025-11-01T08:36:39","modified_gmt":"2025-11-01T08:36:39","slug":"immigopro-premium","status":"publish","type":"page","link":"https:\/\/immigopro.ca\/fr\/immigopro-premium\/","title":{"rendered":"ImmigoPro Premium"},"content":{"rendered":"<h5>Votre solution num\u00e9rique compl\u00e8te et performante pour les professionnels de l\u2019immigration<\/h5>\r\n<p>ImmiGoPro Premium est l\u2019\u00e9dition la plus avanc\u00e9e de la gamme ImmiGoPro \u2014 une solution enti\u00e8rement g\u00e9r\u00e9e, ax\u00e9e sur les donn\u00e9es, qui transforme votre site en v\u00e9ritable plateforme d\u2019engagement client. Elle int\u00e8gre toutes les fonctionnalit\u00e9s de la version Essential, ainsi qu\u2019un ensemble d\u2019outils puissants con\u00e7us pour attirer, informer et convertir vos visiteurs.<\/p>\r\n\r\n<p>Avec plus de 66 calculateurs d\u2019immigration g\u00e9n\u00e9rateurs de prospects, des pages de ressources compl\u00e8tes et un syst\u00e8me int\u00e9gr\u00e9 de gestion des r\u00e9servations et des \u00e9v\u00e9nements, la version Premium vous permet d\u2019offrir des exp\u00e9riences personnalis\u00e9es et de renforcer la confiance de vos clients \u00e0 grande \u00e9chelle. Que vous exerciez seul ou au sein d\u2019un cabinet, ImmiGoPro Premium garantit une pr\u00e9sence num\u00e9rique dynamique, intelligente et pr\u00eate \u00e0 \u00e9voluer.<\/p>\r\n<div class=\"heroButtons mt-4\"><a class=\"btn btnRed\" href=\"#\">\r\nObtenez un devis maintenant\r\n<i class=\"fa-solid fa-arrow-right\"><\/i>\r\n<\/a>\r\n<a class=\"btn btnRedButton\" href=\"#\">\r\nR\u00e9servez une d\u00e9monstration\r\n<i class=\"fa-solid fa-up-right-from-square\"><\/i>\r\n<\/a><\/div>","protected":false},"excerpt":{"rendered":"<p>Votre solution num\u00e9rique compl\u00e8te et performante pour les professionnels de l\u2019immigration ImmiGoPro Premium est l\u2019\u00e9dition la plus avanc\u00e9e de la gamme ImmiGoPro \u2014 une solution enti\u00e8rement g\u00e9r\u00e9e, ax\u00e9e sur les donn\u00e9es, qui transforme votre site en v\u00e9ritable plateforme d\u2019engagement client. Elle int\u00e8gre toutes les fonctionnalit\u00e9s de la version Essential, ainsi qu\u2019un ensemble d\u2019outils puissants con\u00e7us [&hellip;]<\/p>\n","protected":false},"author":1,"featured_media":9923,"parent":0,"menu_order":0,"comment_status":"closed","ping_status":"closed","template":"page-immigopro-premium.php","meta":{"inline_featured_image":false,"footnotes":""},"class_list":["post-9816","page","type-page","status-publish","has-post-thumbnail","hentry"],"_links":{"self":[{"href":"https:\/\/immigopro.ca\/fr\/wp-json\/wp\/v2\/pages\/9816","targetHints":{"allow":["GET"]}}],"collection":[{"href":"https:\/\/immigopro.ca\/fr\/wp-json\/wp\/v2\/pages"}],"about":[{"href":"https:\/\/immigopro.ca\/fr\/wp-json\/wp\/v2\/types\/page"}],"author":[{"embeddable":true,"href":"https:\/\/immigopro.ca\/fr\/wp-json\/wp\/v2\/users\/1"}],"replies":[{"embeddable":true,"href":"https:\/\/immigopro.ca\/fr\/wp-json\/wp\/v2\/comments?post=9816"}],"version-history":[{"count":5,"href":"https:\/\/immigopro.ca\/fr\/wp-json\/wp\/v2\/pages\/9816\/revisions"}],"predecessor-version":[{"id":10054,"href":"https:\/\/immigopro.ca\/fr\/wp-json\/wp\/v2\/pages\/9816\/revisions\/10054"}],"wp:featuredmedia":[{"embeddable":true,"href":"https:\/\/immigopro.ca\/fr\/wp-json\/wp\/v2\/media\/9923"}],"wp:attachment":[{"href":"https:\/\/immigopro.ca\/fr\/wp-json\/wp\/v2\/media?parent=9816"}],"curies":[{"name":"wp","href":"https:\/\/api.w.org\/{rel}","templated":true}]}}