{"id":9935,"date":"2025-05-19T04:05:13","date_gmt":"2025-05-19T04:05:13","guid":{"rendered":"https:\/\/immigopro.ca\/tarification\/"},"modified":"2026-02-13T13:05:46","modified_gmt":"2026-02-13T13:05:46","slug":"tarification","status":"publish","type":"page","link":"https:\/\/immigopro.ca\/fr\/tarification\/","title":{"rendered":"Tarification"},"content":{"rendered":"<h1>Votre pratique num\u00e9rique professionnelle<\/h1>\r\n<h6>Une infrastructure conforme et pr\u00eate pour l\u2019IRCC, con\u00e7ue pour les RCIC s\u00e9rieux<\/h6>\r\n<div class=\"highlighBox\">\r\n\r\nNous nous occupons de tout &#8211; de l\u2019h\u00e9bergement et de la configuration du domaine \u00e0 l\u2019installation du th\u00e8me, \u00e0 la personnalisation et au support continu. Choisissez le forfait ImmiGoPro qui vous convient et profitez d\u2019une installation WordPress enti\u00e8rement g\u00e9r\u00e9e et adapt\u00e9e \u00e0 votre activit\u00e9.\r\n\r\n<\/div>\r\n<ul class=\"keyHighlights\">\r\n \t<li><i class=\"fa-regular fa-circle-check\"><\/i> Con\u00e7u pour la cr\u00e9dibilit\u00e9 et la conformit\u00e9<\/li>\r\n \t<li><i class=\"fa-regular fa-circle-check\"><\/i> Logique de qualification des prospects et d\u2019int\u00e9gration des clients<\/li>\r\n \t<li><i class=\"fa-regular fa-circle-check\"><\/i> Mentions l\u00e9gales et politique de confidentialit\u00e9 int\u00e9gr\u00e9es<\/li>\r\n \t<li><i class=\"fa-regular fa-circle-check\"><\/i> Possibilit\u00e9 d\u2019\u00e9volution vers des calculateurs et un portail client<\/li>\r\n<\/ul>\r\n<a class=\"btn btnRed\" href=\"#getImmiGoPro\">Configurer avec ImmiGoPro Essentiel<\/a>\r\n<small>\u00c9liminez les faux sites web. Devenez le v\u00e9ritable RCIC<\/small>","protected":false},"excerpt":{"rendered":"<p>Votre pratique num\u00e9rique professionnelle Une infrastructure conforme et pr\u00eate pour l\u2019IRCC, con\u00e7ue pour les RCIC s\u00e9rieux Nous nous occupons de tout &#8211; de l\u2019h\u00e9bergement et de la configuration du domaine \u00e0 l\u2019installation du th\u00e8me, \u00e0 la personnalisation et au support continu. Choisissez le forfait ImmiGoPro qui vous convient et profitez d\u2019une installation WordPress enti\u00e8rement g\u00e9r\u00e9e [&hellip;]<\/p>\n","protected":false},"author":1,"featured_media":9987,"parent":0,"menu_order":0,"comment_status":"closed","ping_status":"closed","template":"page-pricing.php","meta":{"inline_featured_image":false,"footnotes":""},"class_list":["post-9935","page","type-page","status-publish","has-post-thumbnail","hentry"],"_links":{"self":[{"href":"https:\/\/immigopro.ca\/fr\/wp-json\/wp\/v2\/pages\/9935","targetHints":{"allow":["GET"]}}],"collection":[{"href":"https:\/\/immigopro.ca\/fr\/wp-json\/wp\/v2\/pages"}],"about":[{"href":"https:\/\/immigopro.ca\/fr\/wp-json\/wp\/v2\/types\/page"}],"author":[{"embeddable":true,"href":"https:\/\/immigopro.ca\/fr\/wp-json\/wp\/v2\/users\/1"}],"replies":[{"embeddable":true,"href":"https:\/\/immigopro.ca\/fr\/wp-json\/wp\/v2\/comments?post=9935"}],"version-history":[{"count":3,"href":"https:\/\/immigopro.ca\/fr\/wp-json\/wp\/v2\/pages\/9935\/revisions"}],"predecessor-version":[{"id":10441,"href":"https:\/\/immigopro.ca\/fr\/wp-json\/wp\/v2\/pages\/9935\/revisions\/10441"}],"wp:featuredmedia":[{"embeddable":true,"href":"https:\/\/immigopro.ca\/fr\/wp-json\/wp\/v2\/media\/9987"}],"wp:attachment":[{"href":"https:\/\/immigopro.ca\/fr\/wp-json\/wp\/v2\/media?parent=9935"}],"curies":[{"name":"wp","href":"https:\/\/api.w.org\/{rel}","templated":true}]}}