{"id":13837,"date":"2024-04-22T09:18:44","date_gmt":"2024-04-22T09:18:44","guid":{"rendered":"https:\/\/immifocus.ca\/demo\/?page_id=13837"},"modified":"2025-03-25T07:09:10","modified_gmt":"2025-03-25T07:09:10","slug":"comprehensive-ranking-system-crs","status":"publish","type":"page","link":"https:\/\/immigopro.ca\/premium\/comprehensive-ranking-system-crs\/","title":{"rendered":"Comprehensive Ranking System (CRS)"},"content":{"rendered":"<p>Sample Content before the main content<\/p>\n<p>&nbsp;<\/p>\n<div class=\"alert alert-warning noteContent\">\n<p><strong>Legal Disclaimer:<\/strong><br \/>\nThis tool is intended solely for general guidance and reference purposes. In the event of any discrepancy between the results of this questionnaire and that provided by the Express Entry electronic system, the results provided by the system shall govern, in accordance with provisions of the Immigration and Refugee Protection Act, the Immigration and Refugee Protection Regulations, and Minister&#8217;s Instructions issued under IRPA s.10.3. This tool will be updated from time to time in accordance with changes to the Ministerial Instructions governing Express Entry.<\/p>\n<\/div>\n<form class=\"gapTop\" id=\"crs-form\" role=\"form\" novalidate=\"novalidate\">\n<div id=\"q1-marital-status\" class=\"form-group\">\n                <label for=\"q1\">1)\tWhat is your marital status? <\/label><\/p>\n<p>                <select id=\"q1\" name=\"q1\" class=\"form-control mrgn-bttm-md valid\" aria-invalid=\"false\"><option value=\"badvalue\" label=\"Select...\">Select&#8230;<\/option><option value=\"A\">Annulled Marriage<\/option><option value=\"B\">Common-Law<\/option><option value=\"C\">Divorced \/ Separated<\/option><option value=\"D\">Legally Separated<\/option><option value=\"E\">Married<\/option><option value=\"F\">Never Married \/ Single<\/option><option value=\"G\">Widowed<\/option><\/select>\n            <\/div>\n<div id=\"q2i-spouse-cit\" class=\"form-group\" style=\"display: none;\">\n                <label for=\"q2i\">2) i. Is your spouse or common-law partner a citizen or permanent resident of Canada? <\/label><\/p>\n<p>                <select id=\"q2i\" name=\"q2i\" class=\"form-control mrgn-bttm-md\"><option value=\"badvalue\" label=\"Select...\">Select&#8230;<\/option><option value=\"A\">No<\/option><option value=\"B\">Yes<\/option><\/select>\n            <\/div>\n<div id=\"q2ii-spouse-joining\" class=\"form-group\" style=\"display: none;\">\n                <label for=\"q2ii\">2) ii. Will your spouse or common-law partner come with you to Canada? <\/label><\/p>\n<p>                <select id=\"q2ii\" name=\"q2ii\" class=\"form-control mrgn-bttm-md\"><option value=\"badvalue\" label=\"Select...\">Select&#8230;<\/option><option value=\"A\">No<\/option><option value=\"B\">Yes<\/option><\/select>\n            <\/div>\n<div id=\"q3-age\" class=\"form-group\" style=\"display: block;\">\n                <label for=\"q3\">3) How old are you? <\/label><\/p>\n<p>Choose the best answer:<\/p>\n<ul>\n<li>If you\u2019ve been invited to apply, enter your age on the date you were invited.<br \/>OR<\/li>\n<li>If you plan to complete an Express Entry profile, enter your current age.<\/li>\n<\/ul>\n<p>                <select id=\"q3\" name=\"q3\" class=\"form-control mrgn-bttm-md\"><option value=\"badvalue\" label=\"Select...\">Select&#8230;<\/option>undefined<option value=\"A\">17 years of age or less<\/option><option value=\"B\">18 years of age<\/option><option value=\"C\">19 years of age<\/option><option value=\"D\">20 years of age<\/option><option value=\"E\">21 years of age<\/option><option value=\"F\">22 years of age<\/option><option value=\"G\">23 years of age<\/option><option value=\"H\">24 years of age<\/option><option value=\"I\">25 years of age<\/option><option value=\"J\">26 years of age<\/option><option value=\"K\">27 years of age<\/option><option value=\"L\">28 years of age<\/option><option value=\"M\">29 years of age<\/option><option value=\"N\">30 years of age<\/option><option value=\"O\">31 years of age<\/option><option value=\"P\">32 years of age<\/option><option value=\"Q\">33 years of age<\/option><option value=\"R\">34 years of age<\/option><option value=\"S\">35 years of age<\/option><option value=\"T\">36 years of age<\/option><option value=\"U\">37 years of age<\/option><option value=\"V\">38 years of age<\/option><option value=\"W\">39 years of age<\/option><option value=\"X\">40 years of age<\/option><option value=\"Y\">41 years of age<\/option><option value=\"Z\">42 years of age<\/option><option value=\"AA\">43 years of age<\/option><option value=\"AB\">44 years of age<\/option><option value=\"AC\">45 years of age or more<\/option><\/select>\n            <\/div>\n<div id=\"q4-education\" class=\"form-group\" style=\"display: none;\">\n                <label for=\"q4\">4) What is your level of education? <\/label><\/p>\n<p>Enter the highest level of education for which you:<\/p>\n<ul>\n<li>earned a <strong>Canadian degree, diploma or certificate<\/strong> or<\/li>\n<li>had an Educational Credential Assessment (ECA) if you did your study outside Canada. (ECAs must be from an approved agency, in the last five years)<\/li>\n<\/ul>\n<p>Note: a Canadian degree, diploma or certificate must either have been earned at an accredited Canadian university, college, trade or technical school, or other institute in Canada. Distance learning counts for education points, but not for bonus points in your profile or application.<\/p>\n<p>                <select id=\"q4\" name=\"q4\" class=\"form-control mrgn-bttm-md\"><option value=\"badvalue\" label=\"Select...\">Select&#8230;<\/option><\/select>\n            <\/div>\n<div id=\"q4b-education\" class=\"form-group\" style=\"display: none;\">\n                <label for=\"q4b\">4b) Have you earned a Canadian degree, diploma or certificate? <\/label><\/p>\n<p>Note: to answer yes:<\/p>\n<ul>\n<li>English or French as a Second Language must not have made up more than half your study<\/li>\n<li>you must not have studied under an award that required you to return to your home country after graduation to apply your skills and knowledge <\/li>\n<li>you must have studied at a school within Canada (foreign campuses don\u2019t count)<\/li>\n<li>you had to be enrolled full time for at least eight months, <strong>unless you completed the study or training program (in whole or in part) between March 2020 and August 2022<\/strong><\/li>\n<li>you had to have been physically present in Canada for at least eight months, <strong>unless you completed the study or training program (in whole or in part) between March 2020 and August 2022<\/strong><\/li>\n<\/ul>\n<p>                <select id=\"q4b\" name=\"q4b\" class=\"form-control mrgn-bttm-md\"><option value=\"badvalue\" label=\"Select...\">Select&#8230;<\/option><option value=\"A\" label=\"No\">No<\/option><option value=\"B\" label=\"Yes\">Yes<\/option><\/select>\n            <\/div>\n<div id=\"q4c-education\" class=\"form-group\" style=\"display: none;\">\n                <label for=\"q4c\">4c) Choose the best answer to describe this level of education. <\/label><br \/>\n                <select id=\"q4c\" name=\"q4c\" class=\"form-control mrgn-bttm-md\"><option value=\"badvalue\" label=\"Select...\">Select&#8230;<\/option><option value=\"A\">Secondary (high school) or less<\/option><option value=\"B\">One- or two-year diploma or certificate<\/option><option value=\"C\">Degree, diploma or certificate of three years or longer OR a Master\u2019s, professional or doctoral degree of at least one academic year<\/option><\/select>\n            <\/div>\n<div id=\"q5-ol\" class=\"form-group\" style=\"display: none;\">\n<p><strong>5) Official languages: Canada&#8217;s official languages are English and French.<\/strong><\/p>\n<p><strong>You need to submit language test results that are less than two years old for all programs under Express Entry, even if English or French is your first language.<\/strong><\/p>\n<div id=\"q5i-fol\">\n                    <label for=\"q5i\">i.\tAre your test results less than two years old? <\/label><br \/>\n                    <select id=\"q5i\" name=\"q5i\" class=\"form-control mrgn-bttm-md\"><option value=\"badvalue\" label=\"Select...\">Select&#8230;<\/option><option value=\"B\">No<\/option><option value=\"A\">Yes<\/option><\/select>\n                <\/div>\n<div id=\"q5i-a-fol\" style=\"display: none;\">\n                    <label for=\"q5i-a\">ii.\tWhich language test did you take for your first official language?  <\/label><br \/>\n                    <select id=\"q5i-a\" name=\"q5i-a\" class=\"form-control mrgn-bttm-md\"><option value=\"badvalue\" label=\"Select...\">Select&#8230;<\/option><option value=\"A\">CELPIP-G<\/option><option value=\"B\">IELTS<\/option><option value=\"E\">PTE Core<\/option><option value=\"C\">TEF Canada<\/option><option value=\"D\">TCF Canada<\/option><\/select>\n                <\/div>\n<div id=\"q5i-b-fol\" style=\"display: none;\">\n<p>Enter your test scores:<\/p>\n<p>                    <label for=\"q5i-b-speaking\">Speaking: <\/label><br \/>\n                    <select id=\"q5i-b-speaking\" name=\"q5i-b-speaking\" class=\"form-control mrgn-bttm-md\"><option value=\"badvalue\" label=\"Select...\">Select&#8230;<\/option><\/select><\/p>\n<p>                    <label for=\"q5i-b-listening\">Listening: <\/label><br \/>\n                    <select id=\"q5i-b-listening\" name=\"q5i-b-listening\" class=\"form-control mrgn-bttm-md\"><option value=\"badvalue\" label=\"Select...\">Select&#8230;<\/option><\/select><\/p>\n<p>                    <label for=\"q5i-b-reading\">Reading: <\/label><br \/>\n                    <select id=\"q5i-b-reading\" name=\"q5i-b-reading\" class=\"form-control mrgn-bttm-md\"><option value=\"badvalue\" label=\"Select...\">Select&#8230;<\/option><\/select><\/p>\n<p>                    <label for=\"q5i-b-writing\">Writing: <\/label><br \/>\n                    <select id=\"q5i-b-writing\" name=\"q5i-b-writing\" class=\"form-control mrgn-bttm-md\"><option value=\"badvalue\" label=\"Select...\">Select&#8230;<\/option><\/select>\n                <\/div>\n<div id=\"q5ii-sol\" style=\"display: none;\">\n                    <label for=\"q5ii\">iii. Do you have other language results? <\/label><\/p>\n<p>If so, which language test did you take for your second official language?<\/p>\n<p>Test results must be less than two years old.<\/p>\n<p>                    <select id=\"q5ii\" name=\"q5ii\" class=\"form-control mrgn-bttm-md\"><option value=\"badvalue\" label=\"Select...\">Select&#8230;<\/option><\/select>\n                <\/div>\n<div id=\"q5ii-b-sol\" style=\"display: none;\">\n<p><strong>Enter your test scores for:<\/strong><\/p>\n<p>                    <label for=\"q5ii-sol-speaking\">Speaking: <\/label><br \/>\n                    <select id=\"q5ii-sol-speaking\" name=\"q5ii-sol-speaking\" class=\"form-control mrgn-bttm-md\"><option value=\"badvalue\" label=\"Select...\">Select&#8230;<\/option><\/select><\/p>\n<p>                    <label for=\"q5ii-sol-listening\">Listening: <\/label><br \/>\n                    <select id=\"q5ii-sol-listening\" name=\"q5ii-sol-listening\" class=\"form-control mrgn-bttm-md\"><option value=\"badvalue\" label=\"Select...\">Select&#8230;<\/option><\/select><\/p>\n<p>                    <label for=\"q5ii-sol-reading\">Reading: <\/label><br \/>\n                    <select id=\"q5ii-sol-reading\" name=\"q5ii-sol-reading\" class=\"form-control mrgn-bttm-md\"><option value=\"badvalue\" label=\"Select...\">Select&#8230;<\/option><\/select><\/p>\n<p>                    <label for=\"q5ii-sol-writing\">Writing: <\/label><br \/>\n                    <select id=\"q5ii-sol-writing\" name=\"q5ii-sol-writing\" class=\"form-control mrgn-bttm-md\"><option value=\"badvalue\" label=\"Select...\">Select&#8230;<\/option><\/select>\n                <\/div>\n<\/p><\/div>\n<div id=\"q6-work-xp\" class=\"form-group\" style=\"display: none;\">\n<p><strong>6) Work Experience<\/strong><\/p>\n<div id=\"q6i-canada\">\n                    <label for=\"q6i\">i.\tIn the last ten years, how many years of skilled work experience in Canada do you have?  <\/label><\/p>\n<p>It must have been paid and full-time (or an equal amount in part-time).<\/p>\n<p><strong>Note:<\/strong> In Canada, the National Occupational Classification (NOC) is the official list of all the jobs in the Canadian labour market. It describes each job according to the training, education, experience and responsibilities (TEER) needed to work in the job.<\/p>\n<p>&#8220;Skilled work&#8221; in the NOC is TEER 0, 1, 2 or 3 category jobs:<\/p>\n<p>If you aren\u2019t sure of the NOC TEER category for this job, you can <a href=\"https:\/\/www.canada.ca\/en\/immigration-refugees-citizenship\/services\/immigrate-canada\/express-entry\/eligibility\/find-national-occupation-code.html\">find your NOC<\/a>.<\/p>\n<p>                    <select id=\"q6i\" name=\"q6i\" class=\"form-control mrgn-bttm-md\"><option value=\"badvalue\" label=\"Select...\">Select&#8230;<\/option><option value=\"A\">None or less than a year<\/option><option value=\"B\">1 year<\/option><option value=\"C\">2 years<\/option><option value=\"D\">3 years<\/option><option value=\"E\">4 years<\/option><option value=\"F\">5 years or more<\/option><\/select>\n                <\/div>\n<div id=\"q6ii-foreign\" style=\"display: none;\">\n                    <label for=\"q6ii\">ii. In the last 10 years, how many total years of foreign skilled work experience do you have?  <\/label><\/p>\n<p>It must have been paid, full-time (or an equal amount in part-time), and in only one occupation (NOC TEER category 0, 1, 2 or 3).<\/p>\n<p>                    <select id=\"q6ii\" name=\"q6ii\" class=\"form-control mrgn-bttm-md\"><option value=\"badvalue\" label=\"Select...\">Select&#8230;<\/option><option value=\"A\">None or less than a year<\/option><option value=\"B\">1 year<\/option><option value=\"C\">2 years<\/option><option value=\"D\">3 years or more<\/option><\/select>\n                <\/div>\n<\/p><\/div>\n<div id=\"q7-certificate\" style=\"display: none;\">\n                <label for=\"q7\">7) Do you have a certificate of qualification from a Canadian province, territory or federal body? <\/label><\/p>\n<p><strong>Note: <\/strong>A certificate of qualification lets people work in some skilled trades in Canada. Only the provinces, territories and a federal body can issue these certificates. To get one, a person must have them assess their training, trade experience and skills to and then pass a certification exam.<\/p>\n<p>People usually have to go to the province or territory to be assessed. They may also need experience and training from an employer in Canada. <\/p>\n<p>This isn\u2019t the same as a nomination from a province or territory.<\/p>\n<p>                <select id=\"q7\" name=\"q7\" class=\"form-control mrgn-bttm-md\"><option value=\"badvalue\" label=\"Select...\">Select&#8230;<\/option><option value=\"A\">No<\/option><option value=\"B\">Yes<\/option><\/select>\n            <\/div>\n<div id=\"q8-offer\" style=\"display: none;\">\n<p><strong>Additional Points<\/strong><\/p>\n<p>                <label for=\"q8\">8) Do you have a valid job offer supported by a Labour Market Impact Assessment (<a href=\"https:\/\/www.canada.ca\/en\/immigration-refugees-citizenship\/services\/immigrate-canada\/express-entry\/documents\/offer-employment\/lmia-exempt.html\">if needed<\/a>)? <\/label><\/p>\n<p>A valid job offer must be <\/p>\n<ul>\n<li>full-time<\/li>\n<li>in a skilled job listed as TEER 0, 1, 2 or 3 in the 2021 <a href=\"https:\/\/www.canada.ca\/en\/immigration-refugees-citizenship\/services\/immigrate-canada\/express-entry\/eligibility\/find-national-occupation-code.html\">National Occupational Classification<\/a><\/li>\n<li>supported by a Labour Market Impact Assessment (LMIA) or exempt from needing one<\/li>\n<li>for one year from the time you become a permanent resident<\/li>\n<\/ul>\n<p>A job offer isn\u2019t valid if your employer is:<\/p>\n<ul>\n<li>an embassy, high commission or consulate in Canada or<\/li>\n<li>on the list of ineligible employers.<\/li>\n<\/ul>\n<p>Whether an offer is valid or not also depends on different factors, depending on your case. See a <a href=\"https:\/\/www.canada.ca\/en\/immigration-refugees-citizenship\/services\/immigrate-canada\/express-entry\/documents\/offer-employment.html\">full list of criteria for valid job offers<\/a>.<\/p>\n<p>                <select id=\"q8\" name=\"q8\" class=\"form-control mrgn-bttm-md\"><option value=\"badvalue\" label=\"Select...\">Select&#8230;<\/option><option value=\"A\">No<\/option><option value=\"B\">Yes<\/option><\/select>\n            <\/div>\n<div id=\"q8-noc\" style=\"display: none;\">\n                <label for=\"q8a\">8a) Which NOC TEER is the job offer? <\/label><\/p>\n<p><a href=\"https:\/\/www.canada.ca\/en\/immigration-refugees-citizenship\/services\/immigrate-canada\/express-entry\/eligibility\/find-national-occupation-code.html\">Find out your job\u2019s TEER<\/a> if you don\u2019t know.<\/p>\n<p>                <select id=\"q8a\" name=\"q8a\" class=\"form-control mrgn-bttm-md\"><option value=\"badvalue\" label=\"Select...\">Select&#8230;<\/option><option value=\"A\">NOC TEER 0 Major group 00<\/option><option value=\"B\">NOC TEER 1, 2 or 3, or any TEER 0 other than Major group 00<\/option><option value=\"C\">NOC TEER 4 or 5<\/option><\/select>\n            <\/div>\n<div id=\"q9-nomination\" style=\"display: none;\">\n                <label for=\"q9\">9)\tDo you have a nomination certificate from a province or territory? <\/label><br \/>\n                <select id=\"q9\" name=\"q9\" class=\"form-control mrgn-bttm-md\"><option value=\"badvalue\" label=\"Select...\">Select&#8230;<\/option><option value=\"A\">No<\/option><option value=\"B\">Yes<\/option><\/select>\n            <\/div>\n<div id=\"q10-sibling\" style=\"display: none;\">\n                <label for=\"q10i\">10)\tDo you or your spouse or common law partner (if they will come with you to Canada) have at least one brother or sister living in Canada who is a citizen or permanent resident? <\/label><\/p>\n<p><strong>Note: to answer yes, the brother or sister must be:<\/strong><\/p>\n<ul>\n<li>18 years old or older<\/li>\n<li>related to you or your partner by blood, marriage, common-law partnership or adoption<\/li>\n<li>have a parent in common with you or your partner<\/li>\n<\/ul>\n<p>A brother or sister is related to you by:<\/p>\n<ul>\n<li>blood (biological)<\/li>\n<li>adoption<\/li>\n<li>marriage (step-brother or step-sister)<\/li>\n<\/ul>\n<p>                <select id=\"q10i\" name=\"q10i\" class=\"form-control mrgn-bttm-md\"><option value=\"badvalue\" label=\"Select...\">Select&#8230;<\/option><option value=\"A\">No<\/option><option value=\"B\">Yes<\/option><\/select>\n            <\/div>\n<div id=\"spouse_questions\">\n<div id=\"q10-s-education\" style=\"display: none;\">\n                    <label for=\"q10\">11)\tWhat is the highest level of education for which your spouse or common-law partner&#8217;s has: <\/label><\/p>\n<ul>\n<li><strong>earned a Canadian degree, diploma or certificate; or<\/strong><\/li>\n<li><strong>had an Educational Credential Assessment (ECA)? (ECAs must be from an approved agency, in the last five years)<\/strong><\/li>\n<\/ul>\n<p>To get the correct number of points, make sure you choose the answer that best reflects your case. For example:<\/p>\n<p>If you have TWO Bachelor\u2019s degrees, or one Bachelor\u2019s AND a two year college diploma, choose \u2013 \u201cTwo or more certificates, diplomas, or degrees. One must be for a program of three or more years.\u201d<\/p>\n<p>                    <select id=\"q10\" name=\"q10\" class=\"form-control mrgn-bttm-md\"><option value=\"badvalue\" label=\"Select...\">Select&#8230;<\/option><option value=\"A\">None, or less than secondary (high school)<\/option><option value=\"B\">Secondary diploma (high school graduation)<\/option><option value=\"C\">One-year program at a university, college, trade or technical school, or other institute<\/option><option value=\"D\">Two-year program at a university, college, trade or technical school, or other institute<\/option><option value=\"E\">Bachelor&#8217;s degree (three or more year program at a university, college, trade or technical school, or other institute)<\/option><option value=\"F\">Two or more certificates, diplomas or degrees. One must be for a program of three or more years<\/option><option value=\"G\">Master&#8217;s degree, or professional degree needed to practice in a licensed profession<\/option><option value=\"H\">Doctoral level university degree (PhD)<\/option><\/select>\n                <\/div>\n<div id=\"q11-s-work-xp\" style=\"display: none;\">\n                    <label for=\"q11\">12) In the last ten years, how many years of skilled work experience in Canada does your spouse\/common-law partner have?  <\/label><\/p>\n<p>It must have been paid, full-time (or an equal amount in part-time), and in one or more NOC TEER category 0, 1, 2, or 3 jobs.<\/p>\n<p>                    <select id=\"q11\" name=\"q11\" class=\"form-control mrgn-bttm-md\"><option value=\"badvalue\" label=\"Select...\">Select&#8230;<\/option><option value=\"A\">None or less than a year<\/option><option value=\"B\">1 year<\/option><option value=\"C\">2 years<\/option><option value=\"D\">3 years<\/option><option value=\"E\">4 years<\/option><option value=\"F\">5 years or more<\/option><\/select>\n                <\/div>\n<div id=\"q12-s-fol\" style=\"display: none;\">\n                    <label for=\"q12i\">13) i) Did your spouse or common-law partner take a language test? If so, which one? <\/label><\/p>\n<p>Test results must be less than two years old.<\/p>\n<p>                    <select id=\"q12i\" name=\"q12i\" class=\"form-control mrgn-bttm-md\"><option value=\"badvalue\" label=\"Select...\">Select&#8230;<\/option><option value=\"A\">CELPIP-G<\/option><option value=\"B\">IELTS<\/option><option value=\"E\">PTE Core<\/option><option value=\"C\">TEF Canada<\/option><option value=\"D\">TCF Canada<\/option><option value=\"E\">not applicable<\/option><\/select>\n                <\/div>\n<div id=\"q12ii-s-fol\" style=\"display: none;\">\n<p><strong>ii) Enter the test scores for:<\/strong><\/p>\n<p>                    <label for=\"q12ii-fol-speaking\">Speaking: <\/label><br \/>\n                    <select id=\"q12ii-fol-speaking\" name=\"q12ii-fol-speaking\" class=\"form-control mrgn-bttm-md\"><option value=\"badvalue\" label=\"Select...\">Select&#8230;<\/option><\/select><\/p>\n<p>                    <label for=\"q12ii-fol-listening\">Listening: <\/label><br \/>\n                    <select id=\"q12ii-fol-listening\" name=\"q12ii-fol-listening\" class=\"form-control mrgn-bttm-md\"><option value=\"badvalue\" label=\"Select...\">Select&#8230;<\/option><\/select><\/p>\n<p>                    <label for=\"q12ii-fol-reading\">Reading: <\/label><br \/>\n                    <select id=\"q12ii-fol-reading\" name=\"q12ii-fol-reading\" class=\"form-control mrgn-bttm-md\"><option value=\"badvalue\" label=\"Select...\">Select&#8230;<\/option><\/select><\/p>\n<p>                    <label for=\"q12ii-fol-writing\">Writing: <\/label><br \/>\n                    <select id=\"q12ii-fol-writing\" name=\"q12ii-fol-writing\" class=\"form-control mrgn-bttm-md\"><option value=\"badvalue\" label=\"Select...\">Select&#8230;<\/option><\/select>\n                <\/div>\n<\/p><\/div>\n<p>            <button id=\"submit\" type=\"submit\" class=\"btnFull hoverSpeed btnBlack \">Calculate your score<\/button><br \/>\n        <\/form>\n<div id=\"neg-results\"><\/div>\n<div id=\"results\">\n<div class=\"alert alert-info\">\n<h2>Vos r\u00e9sultats :<\/h2>\n<p>Tous les candidats inscrits \u00e0 Entr\u00e9e express obtiennent un score sur 1 200, lequel est d\u00e9termin\u00e9 \u00e0 partir des quatre \u00e9l\u00e9ments de la formule du Syst\u00e8me de classement global.<\/p>\n<p>Nous invitons les candidats les mieux class\u00e9s de le bassin \u00e0 pr\u00e9senter une demande d\u2019immigration \u00e0 titre de r\u00e9sident permanent en faisant r\u00e9guli\u00e8rement des \u00ab extractions. \u00bb Voir ce que les scores minimum ont \u00e9t\u00e9 dans le pass\u00e9.<\/p>\n<div id=\"core_factors\"><\/div>\n<div id=\"spouse_factors\"><\/div>\n<div id=\"skill_factors\"><\/div>\n<div id=\"bonus_factors\"><\/div>\n<div id=\"totals\"><\/div>\n<\/p><\/div>\n<\/p><\/div>\n<div class=\"alert alert-info gapTop\">\n<p><strong>Note:<\/strong><br \/>\nThe contents of this webpage have been sourced directly from the <a lang=\"fr\" href=\"https:\/\/www.canada.ca\/en\/immigration-refugees-citizenship\/corporate\/publications-manuals\/operational-bulletins-manuals\/standard-requirements\/language-requirements\/test-equivalency-charts.html\" rel=\"external\">Canada.ca\/IRCC<\/a>  website to ensure accuracy in information dissemination and facilitate comprehension and adherence<\/p>\n<\/div>\n\n","protected":false},"excerpt":{"rendered":"<p>Content after the main page content<\/p>\n","protected":false},"author":1,"featured_media":10713,"parent":0,"menu_order":0,"comment_status":"closed","ping_status":"closed","template":"page-crs.php","meta":{"_acf_changed":false,"footnotes":""},"class_list":["post-13837","page","type-page","status-publish","has-post-thumbnail","hentry"],"acf":[],"_links":{"self":[{"href":"https:\/\/immigopro.ca\/premium\/wp-json\/wp\/v2\/pages\/13837","targetHints":{"allow":["GET"]}}],"collection":[{"href":"https:\/\/immigopro.ca\/premium\/wp-json\/wp\/v2\/pages"}],"about":[{"href":"https:\/\/immigopro.ca\/premium\/wp-json\/wp\/v2\/types\/page"}],"author":[{"embeddable":true,"href":"https:\/\/immigopro.ca\/premium\/wp-json\/wp\/v2\/users\/1"}],"replies":[{"embeddable":true,"href":"https:\/\/immigopro.ca\/premium\/wp-json\/wp\/v2\/comments?post=13837"}],"version-history":[{"count":4,"href":"https:\/\/immigopro.ca\/premium\/wp-json\/wp\/v2\/pages\/13837\/revisions"}],"predecessor-version":[{"id":23462,"href":"https:\/\/immigopro.ca\/premium\/wp-json\/wp\/v2\/pages\/13837\/revisions\/23462"}],"wp:featuredmedia":[{"embeddable":true,"href":"https:\/\/immigopro.ca\/premium\/wp-json\/wp\/v2\/media\/10713"}],"wp:attachment":[{"href":"https:\/\/immigopro.ca\/premium\/wp-json\/wp\/v2\/media?parent=13837"}],"curies":[{"name":"wp","href":"https:\/\/api.w.org\/{rel}","templated":true}]}}